{"id":16,"date":"2017-05-05T14:10:24","date_gmt":"2017-05-05T14:10:24","guid":{"rendered":"http:\/\/friedrichleitz.de\/?page_id=16"},"modified":"2017-05-10T08:22:57","modified_gmt":"2017-05-10T08:22:57","slug":"hauptseite","status":"publish","type":"page","link":"https:\/\/friedrichleitz.de\/","title":{"rendered":"Dr. Friedrich Leitz"},"content":{"rendered":"<figure id=\"attachment_51\" aria-describedby=\"caption-attachment-51\" style=\"width: 217px\" class=\"wp-caption alignright\"><img loading=\"lazy\" decoding=\"async\" class=\"size-medium wp-image-51\" src=\"http:\/\/friedrichleitz.de\/wp-content\/uploads\/2017\/05\/FriedrichLeitz-217x300.jpg\" alt=\"\" width=\"217\" height=\"300\" srcset=\"https:\/\/friedrichleitz.de\/wp-content\/uploads\/2017\/05\/FriedrichLeitz-217x300.jpg 217w, https:\/\/friedrichleitz.de\/wp-content\/uploads\/2017\/05\/FriedrichLeitz.jpg 400w\" sizes=\"auto, (max-width: 217px) 100vw, 217px\" \/><figcaption id=\"caption-attachment-51\" class=\"wp-caption-text\">Foto: Annette Leitz<\/figcaption><\/figure>\n<p>Jahrgang 1943. Abitur 1963 an der damaligen Oberrealschule Kronach in Oberfranken.<br \/>\nAb 1965 naturwissenschaftliches Studium in W\u00fcrzburg und Erlangen.<br \/>\nFebruar 1971 Diplom im Hauptfach Geologie mit Nebenf\u00e4chern Mineralogie und Pal\u00e4ontologie.<br \/>\nAnschlie\u00dfend \u201eLehr- und Wanderjahre\u201c in verschiedenen Programmen zur geologischen Grundlagen- und Regionalforschung in Nordbayern, Hessen, \u00d6sterreich, Italien und Slowenien in Verbindung mit Hochschulinstituten in Bochum, Erlangen und Berlin.<br \/>\nJanuar 1976 Promotion zum Dr. rer. nat. an der Universit\u00e4t Bochum mit dem Thema: \u201eLithostratigraphie des Zechsteins und Buntsandsteins bei Coburg \u2013 Kronach (Nordost-Bayern)\u201c.<br \/>\nAb 1978 zunehmend Bearbeitung angewandt-geologischer Fragen und ab 1981 Etablierung als freiberuflicher Gutachter und Berater f\u00fcr mineralische Rohstoffe und Grundwasser. Hauptarbeitsgebiet im Laufe von drei Jahrzehnten: Baustoff-Industrie und Kommunen in Oberfranken und angrenzenden Landstrichen. Nebenher ausgedehnte wissenschaftliche \u00d6ffentlichkeitsarbeit, insbesondere geologisch- landschaftskundliche Exkursionen f\u00fcr ein breites Publikum.<\/p>\n","protected":false},"excerpt":{"rendered":"<p>Jahrgang 1943. Abitur 1963 an der damaligen Oberrealschule Kronach in Oberfranken. Ab 1965 naturwissenschaftliches Studium in W\u00fcrzburg und Erlangen. Februar 1971 Diplom im Hauptfach Geologie mit Nebenf\u00e4chern Mineralogie und Pal\u00e4ontologie. Anschlie\u00dfend \u201eLehr- und Wanderjahre\u201c in verschiedenen Programmen zur geologischen Grundlagen- und Regionalforschung in Nordbayern, Hessen, \u00d6sterreich, Italien und Slowenien in Verbindung mit Hochschulinstituten in Bochum, &hellip; <\/p>\n<p class=\"link-more\"><a href=\"https:\/\/friedrichleitz.de\/\" class=\"more-link\"><span class=\"screen-reader-text\">\u201eDr. Friedrich Leitz\u201c<\/span> weiterlesen<\/a><\/p>\n","protected":false},"author":1,"featured_media":0,"parent":0,"menu_order":0,"comment_status":"closed","ping_status":"closed","template":"","meta":{"footnotes":""},"class_list":["post-16","page","type-page","status-publish","hentry"],"_links":{"self":[{"href":"https:\/\/friedrichleitz.de\/index.php?rest_route=\/wp\/v2\/pages\/16","targetHints":{"allow":["GET"]}}],"collection":[{"href":"https:\/\/friedrichleitz.de\/index.php?rest_route=\/wp\/v2\/pages"}],"about":[{"href":"https:\/\/friedrichleitz.de\/index.php?rest_route=\/wp\/v2\/types\/page"}],"author":[{"embeddable":true,"href":"https:\/\/friedrichleitz.de\/index.php?rest_route=\/wp\/v2\/users\/1"}],"replies":[{"embeddable":true,"href":"https:\/\/friedrichleitz.de\/index.php?rest_route=%2Fwp%2Fv2%2Fcomments&post=16"}],"version-history":[{"count":10,"href":"https:\/\/friedrichleitz.de\/index.php?rest_route=\/wp\/v2\/pages\/16\/revisions"}],"predecessor-version":[{"id":140,"href":"https:\/\/friedrichleitz.de\/index.php?rest_route=\/wp\/v2\/pages\/16\/revisions\/140"}],"wp:attachment":[{"href":"https:\/\/friedrichleitz.de\/index.php?rest_route=%2Fwp%2Fv2%2Fmedia&parent=16"}],"curies":[{"name":"wp","href":"https:\/\/api.w.org\/{rel}","templated":true}]}}