{"id":10,"date":"2017-05-05T14:46:41","date_gmt":"2017-05-05T14:46:41","guid":{"rendered":"http:\/\/friedrichleitz.de\/?page_id=10"},"modified":"2017-05-09T10:57:27","modified_gmt":"2017-05-09T10:57:27","slug":"publikationen","status":"publish","type":"page","link":"https:\/\/friedrichleitz.de\/?page_id=10","title":{"rendered":"Publikationen"},"content":{"rendered":"<ol>\n<li><i>Geologische Untersuchungen zwischen\u00a0 Bergaer Sattel und Nailaer Mulde im Raum Marxgr\u00fcn &#8211; Issigau &#8211; Eisenb\u00fchl\u00a0 (Frankenwald)<\/i>.-115 S., 59 Abb., 4 Anl. mit 2 geol. Karten 1:5 000 und \u00a0\u00a0\u00a0\u00a0 einer <i>Studie \u00fcber granitf\u00fchrende Konglomerate auf Bl. Naila<\/i>, 21 S., 7 Abb.- \u00a0Diplomarbeit Universit\u00e4t\u00a0 Erlangen-N\u00fcrnberg 1971<\/li>\n<li><i>Referat zu Emmert, Ullrich &amp; v.\u00a0 Horstig, Gerhard<\/i>: Geologische Karte von Bayern 1:25 000, Blatt Nr. 5734\u00a0 Wallenfels mit Erl\u00e4uterungen, M\u00fcnchen 1972 (1973).- Geol. Bl\u00e4tter\u00a0 NO-Bayern, Band 24, 232-233, Erlangen 1974<\/li>\n<li><i>Referat zu Hahn, Lothar:<\/i>\u00a0 Geologische Karte 1:25 000, Blatt Nr. 5732 Sonnefeld mit Erl\u00e4uterungen,\u00a0 M\u00fcnchen 1974 (1975).- Geol. Bl\u00e4tter NO-Bayern, Band 25, 213-214, Erlangen 1975<\/li>\n<li><i>Lithostratigraphie des Zechsteins und\u00a0 Buntsandsteins bei Coburg &#8211; Kronach (Nordost-Bayern).<\/i> 185 S., 10 Tab.,\u00a0 25 Abb., 3 Taf., Dissertation Universit\u00e4t Bochum 1976<\/li>\n<li><i>Zur Lithostratigraphie des Buntsandsteins bei Coburg \u2013 Kronach (Oberfranken).- <\/i>Geol. Bl\u00e4tter NO-Bayern, Band 26,\u00a0 212-221, 3 Abb., 2 Tab., Erlangen 1976<\/li>\n<li><i>\u00dcber Chirotheriumplatten in der\u00a0 erdgeschichtlichen Sammlung des Naturmuseums Coburg<\/i>.- Jahrbuch der\u00a0 Coburger Landesstiftung 1976, 149-156, 2 Abb., 1 Tab., Coburg 1976<\/li>\n<li><i>Zur Geologie des tieferen Jura bei\u00a0 Bieberbach &#8211; Gestungshausen \u00f6stlich Coburg<\/i>.- Jahrbuch der Coburger\u00a0 Landesstiftung 1976, 135-147, 2 Abb., Coburg 1976<\/li>\n<li><i>Geologische Forschungen im Raum Coburg\u00a0\u00a0 und Umgebung (Teilregion Nordwest-Oberfranken): Literatur\u00fcbersicht\u00a0 1953-1978<\/i>. Jahrbuch der Coburger Landestiftung, Band 23, 231-244, 1\u00a0 Abb., Coburg 1978<\/li>\n<li><i>Geologische Interpretation der\u00a0Wasserbohrung Coburg-Bausenberg 1978.-<\/i>. Jahrbuch der Coburger\u00a0 Landestiftung, Band 23, 245-248, 2 Abb., Coburg 1978<\/li>\n<li><i>Referat zu Hegenberger, W. und\u00a0 Mitarbeiter<\/i>: Geologische Karte von Bayern 1:25 000, Blatt Nr. 6035\u00a0 Bayreuth mit Erl\u00e4uterungen, M\u00fcnchen 1977 (1978).- Geol. Bl\u00e4tter NO-Bayern,\u00a0 Band 28, 267-269, Erlangen 1978<\/li>\n<li><i>Referat zu den Dissertationen von <\/i><i>Riech, Volker<\/i>: Petrographische Untersuchungen zur Coelestingenese im fr\u00e4nkischen Muschelkalk, 185. S, Universit\u00e4t Bochum 1975\u00a0 <i>und Truckenbrodt, Werner<\/i>:Tonminerale im Muschelkalk Nordost-Bayerns, Universit\u00e4t Erlangen-\u00a0N\u00fcrnberg 1976 .-\u00a0\u00a0Geol. Bl\u00e4tter NO-Bayern, Band 29, 85-87, Erlangen 1979<\/li>\n<li><i>Referat zu Horstig, G. v<\/i>.: Geologische\u00a0 Karte von Bayern 1:25000, Blatt Nr. 5633\/5634 Sonneberg \/ Teuschnitz mit\u00a0 Erl\u00e4uterungen, M\u00fcnchen 1979.- Geol. Bl\u00e4tter NO-Bayern, Band 31, 46-47, Erlangen 1981<\/li>\n<li><i>Das Grundwasser im Landkreis\u00a0\u00a0 Lichtenfels. Ein \u00dcberblick<\/i>, S. 1-7, 2 Tafeln,\u00a0Festschrift\u00a0 &#8222;Im oberen Maintal,\u00a0 auf dem Jura, an Rodach und Itz&#8220; zum\u00a0150-j\u00e4hrigen Gesch\u00e4ftsjubil\u00e4um der Kreissparkasse Lichtenfels, 532 Seiten,\u00a0 herausgegeben von G. Dippold &amp; K. Urban, Selbstverlag der Kreissparkasse Lichtenfels 1990<\/li>\n<li><i>Wozu Humboldts gedenken? 1792 &#8211; 12. Juli &#8211; \u00a01992<\/i>. In: Alexander von Humboldt im Amt Lauenstein 1792,\u00a0 Schriftenreihe des Schiefermuseums Ludwigsstadt Heft 4, S. 57-59, Ludwigsstadt\u00a0 1992<\/li>\n<li><i>Steine, Schichten, Erdgeschichte. Eine\u00a0\u00a0 kurze Geologie von Weismain<\/i>, S. 27- 51, 21 Abb., 1 Tab., in: Weismain Band 1, herausgegeben von G\u00fcnter Dippold, Selbstverlag der Dechant Hoch- und\u00a0 Ingenieurbau GmbH &amp; Co. KG Weismain 2011<\/li>\n<\/ol>\n<p><b>In Ko-Autorenschaft<\/b><\/p>\n<ol start=\"16\">\n<li>Buggisch,\u00a0 Werner, Erik Fl\u00fcgel, Friedrich Leitz &amp; Gerd-Friedrich Tietz:<i>Die fazielle und pal\u00e4ographische Entwicklung im Perm der Karnischen Alpen und in den Randgebieten<\/i>.- Geologische Rundschau, Band 56, 649-690, 19 Abb., 4 Tab., Stuttgart 1976<\/li>\n<li>Emmert,\u00a0 Ullrich &amp; Friedrich Leitz: <i>Die\u00a0 Buntsandstein-Untersuchungsbohrung \u201eHa\u00dflachtal A\u201c n\u00f6rdlich Kronach (Ofr.)<\/i>.-\u00a0 Geol. Bl\u00e4tter NO-Bayern, Band 26, 283-286, 1 Abb., Erlangen 1976<\/li>\n<li>Buggisch,\u00a0\u00a0 Werner, Erik Fl\u00fcgel, Friedrich Leitz &amp; Gerd-Friedrich Tietz: <i>Paleogeography of the Permian in the\u00a0\u00a0Southern Alps<\/i>.- 108-112, 3 Fig., in: Alps, Apennines, Hellenides. Inter-Union Commission on Geodynamics, Scientific Report No. 38, 620 S., Verlag N\u00e4gele &amp; Obermiller Stuttgart 1978<\/li>\n<li>Richter, Detlef K., Friedrich\u00a0 Leitz &amp; Bernt Schr\u00f6der: <i>Evaporitic\u00a0\u00a0 and caliche sequences in the Upper Triasic near Coburg, Southern Germany<\/i>.-\u00a0\u00a0 International Association of Sedimentologists, 1<sup>st<\/sup> European\u00a0 Meeting, Abstr. 231-234, 3 Fig., Bochum 1988<\/li>\n<li>Leitz,\u00a0 Friedrich &amp; Bernt Schr\u00f6der: <i>Geologische\u00a0 Exkursion in der Umgebung von Coburg (Exkursion A am 21. April 1981)<\/i>.-\u00a0 Jahresberichte und Mitteilungen des oberrheinischen geologischen Vereins,\u00a0\u00a0 NF 63, 1-6, 3 Abb., Stuttgart 1981<\/li>\n<li>Leitz,\u00a0 Friedrich &amp; Bernt Schr\u00f6der: <i>Exkursion\u00a0 in das oberfr\u00e4nkische Bruchschollenland bei Kronach (Exkursion C1 und C2\u00a0\u00a0 am 23. und 24. April 1981)<\/i>.-<i> <\/i>Jahresberichte\u00a0 und Mitteilungen des oberrheinischen geologischen Vereins, NF 63, 15-22, 4\u00a0 Abb., Stuttgart 1981<\/li>\n<li>Leitz,\u00a0 Friedrich &amp; Bernt Schr\u00f6der: <i>Der\u00a0 geologische Rahmen des Sauerbrunnens Lendershausen bei Hofheim \/\u00a0 Unterfranken<\/i>.- Geol. Bl\u00e4tter NO-Bayern, Band 31, 285-305, 4 Abb., 1 Tab., Erlangen 1981<\/li>\n<li>Demathieu,\u00a0 Georges &amp; Friedrich Leitz: <i>Wirbeltier-F\u00e4hrten\u00a0 aus dem R\u00f6t von <\/i><i>Kronach (Trias, Nordost-<\/i>Bayern).- Mitteilungen der Bayerischen Staatssammlungen f\u00fcr Pal\u00e4ontologie und historische Geologie, Band \u00a0\u00a0\u00a0\u00a0 22, 63-89, 7 Abb., 10 Tab, 5 Taf., M\u00fcnchen 1982<\/li>\n<li>Leitz,\u00a0 Friedrich &amp; Bernt Schr\u00f6der: \u00a0<i>Die \u00a0Randfazies der Trias und Bruchschollenland s\u00fcd\u00f6stlich Bayreuth (Exkursion C am 11. und 12. April 1985)<\/i>.- Jahresberichte und Mitteilungen des oberrheinischen geologischen Vereins, NF 64, 53-63, 7 Abb., Stuttgart 1985<\/li>\n<li>Leitz,\u00a0 Friedrich &amp; Georg Stark: <i>Kleiner\u00a0\u00a0Staffelberg-F\u00fchrer durch die Erd- und Landschafts- sowie die Besiedlungsgeschichte des Berges<\/i>.- 4. neubearbeitete Auflage, 36. S.,\u00a0 8 Abb., 1 Falttafel, Verlag H.O. Schulze Lichtenfels 1986<\/li>\n<li>Schr\u00f6der,\u00a0 Bernt, Friedrich Leitz &amp; Sabine Fesl: <i>Probleme und Perspektiven der Keuperstratigraphie in der\u00a0 locus-typicus-Region um Coburg<\/i>.- Beitr\u00e4ge zur Geologie Th\u00fcringens, NF 10, 37-52, 7 Abb., 1. Beil., Jena 2003<br \/>\n&#8212;&#8212;&#8212;&#8212;&#8212;&#8212;&#8212;&#8212;&#8212;&#8212;&#8212;&#8212;&#8212;&#8212;&#8211;<\/li>\n<\/ol>\n","protected":false},"excerpt":{"rendered":"<p>Geologische Untersuchungen zwischen\u00a0 Bergaer Sattel und Nailaer Mulde im Raum Marxgr\u00fcn &#8211; Issigau &#8211; Eisenb\u00fchl\u00a0 (Frankenwald).-115 S., 59 Abb., 4 Anl. mit 2 geol. Karten 1:5 000 und \u00a0\u00a0\u00a0\u00a0 einer Studie \u00fcber granitf\u00fchrende Konglomerate auf Bl. Naila, 21 S., 7 Abb.- \u00a0Diplomarbeit Universit\u00e4t\u00a0 Erlangen-N\u00fcrnberg 1971 Referat zu Emmert, Ullrich &amp; v.\u00a0 Horstig, Gerhard: Geologische Karte &hellip; <\/p>\n<p class=\"link-more\"><a href=\"https:\/\/friedrichleitz.de\/?page_id=10\" class=\"more-link\"><span class=\"screen-reader-text\">\u201ePublikationen\u201c<\/span> weiterlesen<\/a><\/p>\n","protected":false},"author":1,"featured_media":0,"parent":0,"menu_order":0,"comment_status":"closed","ping_status":"closed","template":"","meta":{"footnotes":""},"class_list":["post-10","page","type-page","status-publish","hentry"],"_links":{"self":[{"href":"https:\/\/friedrichleitz.de\/index.php?rest_route=\/wp\/v2\/pages\/10","targetHints":{"allow":["GET"]}}],"collection":[{"href":"https:\/\/friedrichleitz.de\/index.php?rest_route=\/wp\/v2\/pages"}],"about":[{"href":"https:\/\/friedrichleitz.de\/index.php?rest_route=\/wp\/v2\/types\/page"}],"author":[{"embeddable":true,"href":"https:\/\/friedrichleitz.de\/index.php?rest_route=\/wp\/v2\/users\/1"}],"replies":[{"embeddable":true,"href":"https:\/\/friedrichleitz.de\/index.php?rest_route=%2Fwp%2Fv2%2Fcomments&post=10"}],"version-history":[{"count":2,"href":"https:\/\/friedrichleitz.de\/index.php?rest_route=\/wp\/v2\/pages\/10\/revisions"}],"predecessor-version":[{"id":57,"href":"https:\/\/friedrichleitz.de\/index.php?rest_route=\/wp\/v2\/pages\/10\/revisions\/57"}],"wp:attachment":[{"href":"https:\/\/friedrichleitz.de\/index.php?rest_route=%2Fwp%2Fv2%2Fmedia&parent=10"}],"curies":[{"name":"wp","href":"https:\/\/api.w.org\/{rel}","templated":true}]}}